{"id":20932,"date":"2021-02-23T14:32:11","date_gmt":"2021-02-23T14:32:11","guid":{"rendered":"https:\/\/estudiostecnicos.com\/visualizadores\/"},"modified":"2026-04-23T14:55:46","modified_gmt":"2026-04-23T14:55:46","slug":"dashboards","status":"publish","type":"page","link":"https:\/\/estudiostecnicos.com\/en\/dashboards\/","title":{"rendered":"DASHBOARDS"},"content":{"rendered":"\t\t<div data-elementor-type=\"wp-page\" data-elementor-id=\"20932\" class=\"elementor elementor-20932 elementor-19806\">\n\t\t\t\t\t\t<section class=\"elementor-section elementor-top-section elementor-element elementor-element-c1eee73 elementor-section-boxed elementor-section-height-default elementor-section-height-default parallax_section_no qode_elementor_container_no\" data-id=\"c1eee73\" data-element_type=\"section\">\n\t\t\t\t\t\t<div class=\"elementor-container elementor-column-gap-default\">\n\t\t\t\t\t<div class=\"elementor-column elementor-col-33 elementor-top-column elementor-element elementor-element-4dd98d5\" data-id=\"4dd98d5\" data-element_type=\"column\">\n\t\t\t<div class=\"elementor-widget-wrap elementor-element-populated\">\n\t\t\t\t\t\t<div class=\"elementor-element elementor-element-dddcc51 elementor-widget elementor-widget-text-editor\" data-id=\"dddcc51\" data-element_type=\"widget\" data-widget_type=\"text-editor.default\">\n\t\t\t\t<div class=\"elementor-widget-container\">\n\t\t\t\t\t\t\t<h2 style=\"text-align: left;\">DASHBOARDS<\/h2>\t\t\t\t\t\t<\/div>\n\t\t\t\t<\/div>\n\t\t\t\t<div class=\"elementor-element elementor-element-2df9014 elementor-widget elementor-widget-bridge_unordered_list\" data-id=\"2df9014\" data-element_type=\"widget\" data-widget_type=\"bridge_unordered_list.default\">\n\t\t\t\t<div class=\"elementor-widget-container\">\n\t\t\t<div class='q_list circle'><ul><li><a href=\"#economic\">Economic Indicators \/ Indicadores Econ\u00f3micos<\/a><\/li><\/ul><\/div>\t\t<\/div>\n\t\t\t\t<\/div>\n\t\t\t\t<div class=\"elementor-element elementor-element-c935c8a elementor-widget elementor-widget-text-editor\" data-id=\"c935c8a\" data-element_type=\"widget\" data-widget_type=\"text-editor.default\">\n\t\t\t\t<div class=\"elementor-widget-container\">\n\t\t\t\t\t\t\t<h2 style=\"text-align: left;\">TAGS<\/h2>\t\t\t\t\t\t<\/div>\n\t\t\t\t<\/div>\n\t\t\t\t<div class=\"elementor-element elementor-element-aa5e85b elementor-widget elementor-widget-text-editor\" data-id=\"aa5e85b\" data-element_type=\"widget\" data-widget_type=\"text-editor.default\">\n\t\t\t\t<div class=\"elementor-widget-container\">\n\t\t\t\t\t\t\t<p>Analysis, analytics, an\u00e1lisis, anal\u00edtica, visualizador, Dashboard, econom\u00eda, economic, Puerto Rico, data, datos, social, consumer, planificaci\u00f3n, planning, environmental, banca, banking, index, \u00edndice, sector<\/p>\t\t\t\t\t\t<\/div>\n\t\t\t\t<\/div>\n\t\t\t\t\t<\/div>\n\t\t<\/div>\n\t\t\t\t<div class=\"elementor-column elementor-col-66 elementor-top-column elementor-element elementor-element-3ad6076\" data-id=\"3ad6076\" data-element_type=\"column\">\n\t\t\t<div class=\"elementor-widget-wrap elementor-element-populated\">\n\t\t\t\t\t\t<div class=\"elementor-element elementor-element-8967cf9 elementor-widget elementor-widget-heading\" data-id=\"8967cf9\" data-element_type=\"widget\" data-widget_type=\"heading.default\">\n\t\t\t\t<div class=\"elementor-widget-container\">\n\t\t\t<h2 class=\"elementor-heading-title elementor-size-default\">conoce nuestros visualizadores (\"dashboards\")<\/h2>\t\t<\/div>\n\t\t\t\t<\/div>\n\t\t\t\t<div class=\"elementor-element elementor-element-f9206e3 elementor-widget-divider--view-line elementor-widget elementor-widget-divider\" data-id=\"f9206e3\" data-element_type=\"widget\" data-widget_type=\"divider.default\">\n\t\t\t\t<div class=\"elementor-widget-container\">\n\t\t\t\t\t<div class=\"elementor-divider\">\n\t\t\t<span class=\"elementor-divider-separator\">\n\t\t\t\t\t\t<\/span>\n\t\t<\/div>\n\t\t\t\t<\/div>\n\t\t\t\t<\/div>\n\t\t\t\t<div class=\"elementor-element elementor-element-7a03357 elementor-widget elementor-widget-text-editor\" data-id=\"7a03357\" data-element_type=\"widget\" data-widget_type=\"text-editor.default\">\n\t\t\t\t<div class=\"elementor-widget-container\">\n\t\t\t\t\t\t\t<h4>Actualmente nos encontramos realizando un mantenimiento a los visualizadores.\u00a0<\/h4><h4>\u00a0<\/h4><h4>Pronto estar\u00e1n disponible nuevamente.\u00a0<\/h4><h4>\u00a0<\/h4><h4>Disculpen los inconvenientes.<\/h4>\t\t\t\t\t\t<\/div>\n\t\t\t\t<\/div>\n\t\t\t\t\t<\/div>\n\t\t<\/div>\n\t\t\t\t\t<\/div>\n\t\t<\/section>\n\t\t\t\t<\/div>\n\t\t","protected":false},"excerpt":{"rendered":"<p>DASHBOARDS Economic Indicators \/ Indicadores Econ\u00f3micos TAGS Analysis, analytics, an\u00e1lisis, anal\u00edtica, visualizador, Dashboard, econom\u00eda, economic, Puerto Rico, data, datos, social, consumer, planificaci\u00f3n, planning, environmental, banca, banking, index, \u00edndice, sector conoce nuestros visualizadores (&#8220;dashboards&#8221;) Actualmente nos encontramos realizando un mantenimiento a los visualizadores.\u00a0 \u00a0 Pronto estar\u00e1n&#8230;<\/p>\n","protected":false},"author":1,"featured_media":0,"parent":0,"menu_order":0,"comment_status":"open","ping_status":"closed","template":"full_width.php","meta":[],"_links":{"self":[{"href":"https:\/\/estudiostecnicos.com\/en\/wp-json\/wp\/v2\/pages\/20932"}],"collection":[{"href":"https:\/\/estudiostecnicos.com\/en\/wp-json\/wp\/v2\/pages"}],"about":[{"href":"https:\/\/estudiostecnicos.com\/en\/wp-json\/wp\/v2\/types\/page"}],"author":[{"embeddable":true,"href":"https:\/\/estudiostecnicos.com\/en\/wp-json\/wp\/v2\/users\/1"}],"replies":[{"embeddable":true,"href":"https:\/\/estudiostecnicos.com\/en\/wp-json\/wp\/v2\/comments?post=20932"}],"version-history":[{"count":229,"href":"https:\/\/estudiostecnicos.com\/en\/wp-json\/wp\/v2\/pages\/20932\/revisions"}],"predecessor-version":[{"id":24434,"href":"https:\/\/estudiostecnicos.com\/en\/wp-json\/wp\/v2\/pages\/20932\/revisions\/24434"}],"wp:attachment":[{"href":"https:\/\/estudiostecnicos.com\/en\/wp-json\/wp\/v2\/media?parent=20932"}],"curies":[{"name":"wp","href":"https:\/\/api.w.org\/{rel}","templated":true}]}}